{"id":26,"date":"2025-03-27T11:58:00","date_gmt":"2025-03-27T11:58:00","guid":{"rendered":"https:\/\/bortnowski.pl\/?page_id=26"},"modified":"2025-04-22T22:22:26","modified_gmt":"2025-04-22T22:22:26","slug":"biography","status":"publish","type":"page","link":"https:\/\/bortnowski.pl\/pl\/biography\/","title":{"rendered":"\u017byciorys"},"content":{"rendered":"<div data-elementor-type=\"wp-page\" data-elementor-id=\"26\" class=\"elementor elementor-26\" data-elementor-post-type=\"page\">\n\t\t\t\t<div class=\"elementor-element elementor-element-2887274 e-flex e-con-boxed e-con e-parent\" data-id=\"2887274\" data-element_type=\"container\">\n\t\t\t\t\t<div class=\"e-con-inner\">\n\t\t\t\t<div class=\"elementor-element elementor-element-b04ed79 elementor-widget elementor-widget-text-editor\" data-id=\"b04ed79\" data-element_type=\"widget\" data-widget_type=\"text-editor.default\">\n\t\t\t\t<div class=\"elementor-widget-container\">\n\t\t\t\t\t\t\t\t\t<p>Urodzony 1 marca 1972 w \u017barach (Polska). W 1997 r. uko\u0144czy\u0142 Akademi\u0119 Muzyczn\u0105 im. Karola Lipi\u0144skiego we Wroc\u0142awiu w klasie kompozycji Gra\u017cyny Pstroko\u0144skiej-Nawratil (dyplom z wyr\u00f3\u017cnieniem). W czasie studi\u00f3w doskonali\u0142 swoje umiej\u0119tno\u015bci bior\u0105c udzia\u0142 w II Mi\u0119dzynarodowych Spotkaniach M\u0142odych Kompozytor\u00f3w w\u00a0Apeldoorn w Holandii, organizowanych przez Fundacj\u0119 Gaudeamus (1996) oraz w warsztatach muzyki eksperymentalnej i komputerowej na\u00a0Uniwersytecie\u00a0w\u00a0Gandawie\u00a0(1997).<\/p>\n<p>Od 1998 r. zawodowo zwi\u0105zany z Akademi\u0105 Muzyczn\u0105 im. Karola Lipi\u0144skiego we Wroc\u0142awiu. W 2003 r. uzyska\u0142 stopie\u0144 doktora sztuki muzycznej w zakresie kompozycji, a\u00a0w roku 2012 stopie\u0144 doktora habilitowanego sztuki muzycznej w zakresie kompozycji. W roku\u00a02020 z r\u0105k Prezydenta RP otrzyma\u0142 tytu\u0142 profesora sztuki.<\/p>\n<p>Obecnie w swojej macierzystej uczelni prowadzi klas\u0119 kompozycji oraz zaj\u0119cia z muzyki komputerowej.<\/p>\n<p>Tw\u00f3rczo\u015b\u0107 kompozytorska Marcina Bortnowskiego stanowi trzon jego aktywno\u015bci. Obejmuje r\u00f3\u017cne formy i gatunki muzyczne: muzyk\u0119 symfoniczn\u0105, kameraln\u0105, elektroakustyczn\u0105, ch\u00f3raln\u0105 i solow\u0105. Jego utwory wykonywane by\u0142y przez takie zespo\u0142y, jak m.in. Narodowa Orkiestra Symfoniczna Polskiego Radia w Katowicach, Filharmonia Narodowa w Warszawie, Deutsche Symphonie-Orchester w Berlinie, Filharmonia Wroc\u0142awska, Orkiestra Muzyki Nowej, Aukso - Orkiestra Kameralna Miasta Tychy,  Orkiestra Kameralna Polskiego Radia Amadeus, Orkest de Ereprijs, oh-tone Ensemble, Kwartet \u015al\u0105ski, Zesp\u00f3\u0142 \u015apiewak\u00f3w Miasta Katowice Camerata Silesia, Ch\u00f3r\u00a0Ch\u0142opi\u0119cy NFM. Wsp\u00f3lpracuje r\u00f3wnie\u017c z wybitnymi solistami: Markiem Andryskiem, Klaudiuszem Baranem, Andrzejem Bauerem, Maciejem Fr\u0105ckiewiczem, Geirem\u00a0Draugsvollem, Jakubem Jakowiczem, Christine Pryn, Aleksandr\u0105 Rupoci\u0144sk\u0105, Marcinem Zdunikiem.<\/p>\n<p>Tw\u00f3rczo\u015b\u0107 Marcina Bortnowskiego prezentowana by\u0142a na festiwalach w kraju i zagranic\u0105, m. in. podczas Mi\u0119dzynarodowego Festiwalu Muzyki Wsp\u00f3\u0142czesnej \u201eWarszawska\u00a0Jesie\u0144\u201d, Ultraschall (Berlin), Kiev Music Fest (Kij\u00f3w), Aksamitna Kurtyna (Lw\u00f3w), Audio Art Festival (Krak\u00f3w) Festiwal Polskiej Muzyki Wsp\u00f3\u0142czesnej \u201eMusica Polonica Nova\u201d (Wroc\u0142aw), Festiwal Prawykona\u0144 (Katowice), Jesienny Festiwal Muzyczny \u201eAlkagran\u201d. Jego utwory wykonywane by\u0142y r\u00f3wnie\u017c na koncertach w\u00a0Niemczech, Holandii, Finlandii, Bia\u0142orusi, Ukrainie, Luksemburgu, Chinach. Transmitowane by\u0142y tak\u017ce przez radiofonie zrzeszone w Europejskiej Unii Nadawc\u00f3w (56\u00a0kraj\u00f3w) oraz Telewizj\u0119 Polsk\u0105 S.A.<\/p>\n\t\t\t\t\t\t\t\t<\/div>\n\t\t\t\t<\/div>\n\t\t\t\t\t<\/div>\n\t\t\t\t<\/div>\n\t\t<div class=\"elementor-element elementor-element-a44c86f e-flex e-con-boxed e-con e-parent\" data-id=\"a44c86f\" data-element_type=\"container\">\n\t\t\t\t\t<div class=\"e-con-inner\">\n\t\t\t\t<div class=\"elementor-element elementor-element-291b48d elementor-widget elementor-widget-image\" data-id=\"291b48d\" data-element_type=\"widget\" data-widget_type=\"image.default\">\n\t\t\t\t<div class=\"elementor-widget-container\">\n\t\t\t\t\t\t\t\t\t\t\t\t\t\t\t<img fetchpriority=\"high\" decoding=\"async\" width=\"1536\" height=\"795\" src=\"https:\/\/bortnowski.pl\/wp-content\/uploads\/2025\/04\/MRU09990_B-1536x795.jpeg\" class=\"attachment-1536x1536 size-1536x1536 wp-image-622\" alt=\"\" srcset=\"https:\/\/bortnowski.pl\/wp-content\/uploads\/2025\/04\/MRU09990_B-1536x795.jpeg 1536w, https:\/\/bortnowski.pl\/wp-content\/uploads\/2025\/04\/MRU09990_B-300x155.jpeg 300w, https:\/\/bortnowski.pl\/wp-content\/uploads\/2025\/04\/MRU09990_B-1024x530.jpeg 1024w, https:\/\/bortnowski.pl\/wp-content\/uploads\/2025\/04\/MRU09990_B-768x397.jpeg 768w, https:\/\/bortnowski.pl\/wp-content\/uploads\/2025\/04\/MRU09990_B-2048x1060.jpeg 2048w, https:\/\/bortnowski.pl\/wp-content\/uploads\/2025\/04\/MRU09990_B-18x9.jpeg 18w\" sizes=\"(max-width: 1536px) 100vw, 1536px\" \/>\t\t\t\t\t\t\t\t\t\t\t\t\t\t\t<\/div>\n\t\t\t\t<\/div>\n\t\t\t\t\t<\/div>\n\t\t\t\t<\/div>\n\t\t<div class=\"elementor-element elementor-element-0dee3d5 e-flex e-con-boxed e-con e-parent\" data-id=\"0dee3d5\" data-element_type=\"container\">\n\t\t\t\t\t<div class=\"e-con-inner\">\n\t\t\t\t<div class=\"elementor-element elementor-element-56fe9a8 elementor-widget elementor-widget-text-editor\" data-id=\"56fe9a8\" data-element_type=\"widget\" data-widget_type=\"text-editor.default\">\n\t\t\t\t<div class=\"elementor-widget-container\">\n\t\t\t\t\t\t\t\t\t<div class=\"elementor-element elementor-element-0dee3d5 e-flex e-con-boxed e-con e-parent e-lazyloaded\" data-id=\"0dee3d5\" data-element_type=\"container\">\n<div class=\"e-con-inner\">\n<div class=\"elementor-element elementor-element-56fe9a8 elementor-widget elementor-widget-text-editor\" data-id=\"56fe9a8\" data-element_type=\"widget\" data-widget_type=\"text-editor.default\">\n<div class=\"elementor-widget-container\">\n<p>Kompozycje Marcina Bortnowskiego nagradzane by\u0142y na og\u00f3lnopolskich i mi\u0119dzynarodowych konkursach kompozytorskich. Jest laureatem Konkursu M\u0142odych Kompozytor\u00f3w im. Tadeusza Bairda gdzie w 1995 r. otrzyma\u0142 I\u00a0nagrod\u0119 za \u201eKwartet smyczkowy nr 2\u201d oraz II nagrod\u0119 za \u201eKwartet smyczkowy nr 1\u201d, a w roku 1997 II\u00a0nagrod\u0119 za \u201eMusic for\u2026\" na dwie perkusje i dwa akordeony. Ponadto w 1997 r. zdoby\u0142 III nagrod\u0119 na Og\u00f3lnopolskim Konkursie Kompozytorskim w Gda\u0144sku za\u00a0\u201eSymfoni\u0119 nr 1\u201d na wielk\u0105 orkiestr\u0119 symfoniczn\u0105, a w roku 2000 otrzyma\u0142 I nagrod\u0119 na Mi\u0119dzynarodowym Konkursie Kompozytorskim PanAccordion 2000 za\u00a0\u201eMusic\u00a0in Lent\u201d na akordeon i kwartet smyczkowy. W roku 2011 jego utw\u00f3r \u201eI ju\u017c nocy nie b\u0119dzie\u201d na akordeon i orkiestr\u0119 kameraln\u0105 reprezentowa\u0142 Polskie Radio na\u00a054. Mi\u0119dzynarodowej Trybunie Kompozytor\u00f3w UNECO w Pary\u017cu. By\u0142 stypendyst\u0105 Ministra Kultury i Sztuki, Stowarzyszenia Autor\u00f3w ZAiKS, Fundacji Przyjaci\u00f3\u0142 Warszawskiej Jesieni i Ernst von Siemens Musikstiftung oraz Deutschlandfunk. Za swoj\u0105 dzia\u0142alno\u015b\u0107 odznaczony zosta\u0142 przez Prezydenta Rzeczypospolitej Polskiej Br\u0105zowym i Srebrnym Krzy\u017cem Zas\u0142ugi.<\/p>\n<p>Wraz ze Stanis\u0142awem Krupowiczem i Marcinem Rupoci\u0144skim tworzy zesp\u00f3\u0142 \u201eTonus Finalis Ensemble\u201d specjalizuj\u0105cy si\u0119 w wykonawstwie muzyki elektroakustycznej.<\/p>\n<p>Tw\u00f3rczo\u015b\u0107 Marcina Bortnowskiego jest przedmiotem artyku\u0142\u00f3w, analiz, publikacji naukowych oraz audycji radiowych.<\/p>\n<p>Marcin Bortnowski jest autorem publikacji naukowych i publicystycznych. Uczestniczy\u0142 w konferencjach naukowych, prowadzi\u0142 kursy i warsztaty kompozytorskie. By\u0142\u00a0recenzentem w przewodach doktorskich, habilitacyjnych oraz w post\u0119powaniu o nadanie tytu\u0142u profesora. Zapraszany jest do jury konkurs\u00f3w muzycznych (kompozytorskich i wykonawczych). W latach 2017-2018 oraz 2022 by\u0142 ekspertem Zespo\u0142u Ewaluacji do spraw nauki o sztuce i tw\u00f3rczo\u015bci artystycznej przy Komitecie\u00a0Ewaluacji Jednostek Naukowych i Komitecie Ewaluacji Nauki.<\/p>\n<p>Jest cz\u0142onkiem stowarzysze\u0144 tw\u00f3rczych: Polskiego Stowarzyszenia Muzyki Elektroakustycznej (od 2005) oraz Zwi\u0105zku Kompozytor\u00f3w Polskich (od 1999). Od\u00a0momentu wst\u0105pienia w poczet cz\u0142onk\u00f3w Zwi\u0105zku Kompozytor\u00f3w Polskich zaanga\u017cowa\u0142 si\u0119 w dzia\u0142alno\u015b\u0107 na rzecz tego stowarzyszenia uczestnicz\u0105c w pracach Zarz\u0105du Oddzia\u0142u Wroc\u0142awskiego ZKP, jako sekretarz, skarbnik oraz prezes. Bra\u0142 udzia\u0142 w powo\u0142aniu do \u017cycia Mi\u0119dzynarodowego Festiwalu Muzyki Elektroakustycznej \u201eMusica Electronica Nova\u201d we Wroc\u0142awiu (2005). Obecnie jest cz\u0142onkiem Zarz\u0105du G\u0142\u00f3wnego Zwi\u0105zku Kompozytor\u00f3w Polskich.<\/p>\n<\/div>\n<\/div>\n<\/div>\n<\/div>\n\t\t\t\t\t\t\t\t<\/div>\n\t\t\t\t<\/div>\n\t\t\t\t\t<\/div>\n\t\t\t\t<\/div>\n\t\t\t\t<\/div>","protected":false},"excerpt":{"rendered":"","protected":false},"author":1,"featured_media":622,"parent":0,"menu_order":0,"comment_status":"closed","ping_status":"closed","template":"","meta":{"_acf_changed":false,"footnotes":""},"class_list":["post-26","page","type-page","status-publish","has-post-thumbnail","hentry"],"acf":[],"_links":{"self":[{"href":"https:\/\/bortnowski.pl\/pl\/wp-json\/wp\/v2\/pages\/26","targetHints":{"allow":["GET"]}}],"collection":[{"href":"https:\/\/bortnowski.pl\/pl\/wp-json\/wp\/v2\/pages"}],"about":[{"href":"https:\/\/bortnowski.pl\/pl\/wp-json\/wp\/v2\/types\/page"}],"author":[{"embeddable":true,"href":"https:\/\/bortnowski.pl\/pl\/wp-json\/wp\/v2\/users\/1"}],"replies":[{"embeddable":true,"href":"https:\/\/bortnowski.pl\/pl\/wp-json\/wp\/v2\/comments?post=26"}],"version-history":[{"count":34,"href":"https:\/\/bortnowski.pl\/pl\/wp-json\/wp\/v2\/pages\/26\/revisions"}],"predecessor-version":[{"id":702,"href":"https:\/\/bortnowski.pl\/pl\/wp-json\/wp\/v2\/pages\/26\/revisions\/702"}],"wp:featuredmedia":[{"embeddable":true,"href":"https:\/\/bortnowski.pl\/pl\/wp-json\/wp\/v2\/media\/622"}],"wp:attachment":[{"href":"https:\/\/bortnowski.pl\/pl\/wp-json\/wp\/v2\/media?parent=26"}],"curies":[{"name":"wp","href":"https:\/\/api.w.org\/{rel}","templated":true}]}}